{"id":74,"date":"2022-06-02T13:39:47","date_gmt":"2022-06-02T11:39:47","guid":{"rendered":"https:\/\/seka.pl\/magazyn\/?page_id=74"},"modified":"2025-11-25T10:50:22","modified_gmt":"2025-11-25T09:50:22","slug":"kontakt","status":"publish","type":"page","link":"https:\/\/www.seka.pl\/magazyn\/kontakt\/","title":{"rendered":"Kontakt"},"content":{"rendered":"<p>[vc_row][vc_column width=&#8221;1\/2&#8243;][vc_column_text]<\/p>\n<h1>Magazyn SEKA<\/h1>\n<p>[\/vc_column_text][vc_column_text]Wydawca: SEKA S.A.<br \/>\nul. Zabraniecka, 03-872 Warszawa<br \/>\ntel.: <a href=\"tel:+48225178888\">+48 22 517 88 88<\/a><br \/>\nwww.seka.pl, seka@seka.pl<br \/>\nwww.facebook.com\/SEKAszkolenia<br \/>\nWszelkie prawa zastrze\u017cone. SEKA S.A.<\/p>\n<p>Redaktor prowadz\u0105ca: Anna Witkiewicz, SEKA S.A.<br \/>\nRealizacja: pcontent.pl[\/vc_column_text][\/vc_column][vc_column width=&#8221;1\/2&#8243;][vc_column_text]<\/p>\n<h1>Napisz do nas!<\/h1>\n<p>[\/vc_column_text]<div role=\"form\" class=\"wpcf7\" id=\"wpcf7-f180-o1\" lang=\"pl-PL\" dir=\"ltr\">\n<div class=\"screen-reader-response\"><p role=\"status\" aria-live=\"polite\" aria-atomic=\"true\"><\/p> <ul><\/ul><\/div>\n<form action=\"\/magazyn\/wp-json\/wp\/v2\/pages\/74#wpcf7-f180-o1\" method=\"post\" class=\"wpcf7-form init\" novalidate=\"novalidate\" data-status=\"init\">\n<div style=\"display: none;\">\n<input type=\"hidden\" name=\"_wpcf7\" value=\"180\" \/>\n<input type=\"hidden\" name=\"_wpcf7_version\" value=\"5.5.6.1\" \/>\n<input type=\"hidden\" name=\"_wpcf7_locale\" value=\"pl_PL\" \/>\n<input type=\"hidden\" name=\"_wpcf7_unit_tag\" value=\"wpcf7-f180-o1\" \/>\n<input type=\"hidden\" name=\"_wpcf7_container_post\" value=\"0\" \/>\n<input type=\"hidden\" name=\"_wpcf7_posted_data_hash\" value=\"\" \/>\n<input type=\"hidden\" name=\"_wpcf7_recaptcha_response\" value=\"\" \/>\n<\/div>\n<p><label> Twoje imi\u0119 i nazwisko<br \/>\n    <span class=\"wpcf7-form-control-wrap your-name\"><input type=\"text\" name=\"your-name\" value=\"\" size=\"40\" class=\"wpcf7-form-control wpcf7-text wpcf7-validates-as-required\" aria-required=\"true\" aria-invalid=\"false\" \/><\/span> <\/label><\/p>\n<p><label> Tw\u00f3j adres e-mail<br \/>\n    <span class=\"wpcf7-form-control-wrap your-email\"><input type=\"email\" name=\"your-email\" value=\"\" size=\"40\" class=\"wpcf7-form-control wpcf7-text wpcf7-email wpcf7-validates-as-required wpcf7-validates-as-email\" aria-required=\"true\" aria-invalid=\"false\" \/><\/span> <\/label><\/p>\n<p><label> Temat<br \/>\n    <span class=\"wpcf7-form-control-wrap your-subject\"><input type=\"text\" name=\"your-subject\" value=\"\" size=\"40\" class=\"wpcf7-form-control wpcf7-text wpcf7-validates-as-required\" aria-required=\"true\" aria-invalid=\"false\" \/><\/span> <\/label><\/p>\n<p><label> Twoja wiadomo\u015bci<br \/>\n    <span class=\"wpcf7-form-control-wrap your-message\"><textarea name=\"your-message\" cols=\"40\" rows=\"10\" class=\"wpcf7-form-control wpcf7-textarea wpcf7-validates-as-required\" aria-required=\"true\" aria-invalid=\"false\"><\/textarea><\/span> <\/label><\/p>\n<p><label><br \/>\n<span class=\"wpcf7-form-control-wrap zgodamark\"><span class=\"wpcf7-form-control wpcf7-acceptance\"><span class=\"wpcf7-list-item\"><label><input type=\"checkbox\" name=\"zgodamark\" value=\"1\" aria-invalid=\"false\" \/><span class=\"wpcf7-list-item-label\">Wyra\u017cam zgod\u0119 na przetwarzanie moich danych osobowych dla potrzeb prowadzenia marketingu bezpo\u015bredniego z wykorzystaniem poczty elektronicznej przez SEKA S.A.<\/span><\/label><\/span><\/span><\/span><\/label><\/p>\n<p><input type=\"submit\" value=\"Wy\u015blij\" class=\"wpcf7-form-control has-spinner wpcf7-submit\" \/><\/p>\n<div class=\"wpcf7-response-output\" aria-hidden=\"true\"><\/div><\/form><\/div>[\/vc_column][\/vc_row]<\/p>\n","protected":false},"excerpt":{"rendered":"<p>[vc_row][vc_column width=&#8221;1\/2&#8243;][vc_column_text] Magazyn SEKA [\/vc_column_text][vc_column_text]Wydawca: SEKA S.A. ul. Zabraniecka, 03-872 Warszawa tel.: +48 22 517 88 88 www.seka.pl, seka@seka.pl www.facebook.com\/SEKAszkolenia Wszelkie prawa zastrze\u017cone. SEKA S.A. Redaktor prowadz\u0105ca: Anna Witkiewicz, SEKA S.A. Realizacja: pcontent.pl[\/vc_column_text][\/vc_column][vc_column width=&#8221;1\/2&#8243;][vc_column_text] Napisz do nas! [\/vc_column_text][\/vc_column][\/vc_row]<\/p>\n","protected":false},"author":3,"featured_media":0,"parent":0,"menu_order":0,"comment_status":"closed","ping_status":"closed","template":"page-fullwidth.php","meta":{"footnotes":""},"class_list":["post-74","page","type-page","status-publish","hentry"],"yoast_head":"<!-- This site is optimized with the Yoast SEO plugin v19.2 - https:\/\/yoast.com\/wordpress\/plugins\/seo\/ -->\n<title>Kontakt - Magazyn Seka<\/title>\n<meta name=\"robots\" content=\"index, follow, max-snippet:-1, max-image-preview:large, max-video-preview:-1\" \/>\n<link rel=\"canonical\" href=\"https:\/\/www.seka.pl\/magazyn\/kontakt\/\" \/>\n<meta property=\"og:locale\" content=\"pl_PL\" \/>\n<meta property=\"og:type\" content=\"article\" \/>\n<meta property=\"og:title\" content=\"Kontakt - Magazyn Seka\" \/>\n<meta property=\"og:description\" content=\"[vc_row][vc_column width=&#8221;1\/2&#8243;][vc_column_text] Magazyn SEKA [\/vc_column_text][vc_column_text]Wydawca: SEKA S.A. ul. Zabraniecka, 03-872 Warszawa tel.: +48 22 517 88 88 www.seka.pl, seka@seka.pl www.facebook.com\/SEKAszkolenia Wszelkie prawa zastrze\u017cone. SEKA S.A. Redaktor prowadz\u0105ca: Anna Witkiewicz, SEKA S.A. Realizacja: pcontent.pl[\/vc_column_text][\/vc_column][vc_column width=&#8221;1\/2&#8243;][vc_column_text] Napisz do nas! [\/vc_column_text][\/vc_column][\/vc_row]\" \/>\n<meta property=\"og:url\" content=\"https:\/\/www.seka.pl\/magazyn\/kontakt\/\" \/>\n<meta property=\"og:site_name\" content=\"Magazyn Seka\" \/>\n<meta property=\"article:modified_time\" content=\"2025-11-25T09:50:22+00:00\" \/>\n<meta name=\"author\" content=\"Maciej\" \/>\n<meta name=\"twitter:card\" content=\"summary_large_image\" \/>\n<script type=\"application\/ld+json\" class=\"yoast-schema-graph\">{\"@context\":\"https:\/\/schema.org\",\"@graph\":[{\"@type\":\"WebSite\",\"@id\":\"https:\/\/www.seka.pl\/magazyn\/#website\",\"url\":\"https:\/\/www.seka.pl\/magazyn\/\",\"name\":\"Magazyn Seka\",\"description\":\"Bezpiecze\u0144stwo i dobre praktyki w obszarze warunk\u00f3w pracy, kultura bezpiecze\u0144stwa, wellbeing\",\"potentialAction\":[{\"@type\":\"SearchAction\",\"target\":{\"@type\":\"EntryPoint\",\"urlTemplate\":\"https:\/\/www.seka.pl\/magazyn\/?s={search_term_string}\"},\"query-input\":\"required name=search_term_string\"}],\"inLanguage\":\"pl-PL\"},{\"@type\":\"WebPage\",\"@id\":\"https:\/\/www.seka.pl\/magazyn\/kontakt\/#webpage\",\"url\":\"https:\/\/www.seka.pl\/magazyn\/kontakt\/\",\"name\":\"Kontakt - Magazyn Seka\",\"isPartOf\":{\"@id\":\"https:\/\/www.seka.pl\/magazyn\/#website\"},\"datePublished\":\"2022-06-02T11:39:47+00:00\",\"dateModified\":\"2025-11-25T09:50:22+00:00\",\"breadcrumb\":{\"@id\":\"https:\/\/www.seka.pl\/magazyn\/kontakt\/#breadcrumb\"},\"inLanguage\":\"pl-PL\",\"potentialAction\":[{\"@type\":\"ReadAction\",\"target\":[\"https:\/\/www.seka.pl\/magazyn\/kontakt\/\"]}]},{\"@type\":\"BreadcrumbList\",\"@id\":\"https:\/\/www.seka.pl\/magazyn\/kontakt\/#breadcrumb\",\"itemListElement\":[{\"@type\":\"ListItem\",\"position\":1,\"name\":\"Strona g\u0142\u00f3wna\",\"item\":\"https:\/\/www.seka.pl\/magazyn\/\"},{\"@type\":\"ListItem\",\"position\":2,\"name\":\"Kontakt\"}]}]}<\/script>\n<!-- \/ Yoast SEO plugin. -->","yoast_head_json":{"title":"Kontakt - Magazyn Seka","robots":{"index":"index","follow":"follow","max-snippet":"max-snippet:-1","max-image-preview":"max-image-preview:large","max-video-preview":"max-video-preview:-1"},"canonical":"https:\/\/www.seka.pl\/magazyn\/kontakt\/","og_locale":"pl_PL","og_type":"article","og_title":"Kontakt - Magazyn Seka","og_description":"[vc_row][vc_column width=&#8221;1\/2&#8243;][vc_column_text] Magazyn SEKA [\/vc_column_text][vc_column_text]Wydawca: SEKA S.A. ul. Zabraniecka, 03-872 Warszawa tel.: +48 22 517 88 88 www.seka.pl, seka@seka.pl www.facebook.com\/SEKAszkolenia Wszelkie prawa zastrze\u017cone. SEKA S.A. Redaktor prowadz\u0105ca: Anna Witkiewicz, SEKA S.A. Realizacja: pcontent.pl[\/vc_column_text][\/vc_column][vc_column width=&#8221;1\/2&#8243;][vc_column_text] Napisz do nas! [\/vc_column_text][\/vc_column][\/vc_row]","og_url":"https:\/\/www.seka.pl\/magazyn\/kontakt\/","og_site_name":"Magazyn Seka","article_modified_time":"2025-11-25T09:50:22+00:00","author":"Maciej","twitter_card":"summary_large_image","schema":{"@context":"https:\/\/schema.org","@graph":[{"@type":"WebSite","@id":"https:\/\/www.seka.pl\/magazyn\/#website","url":"https:\/\/www.seka.pl\/magazyn\/","name":"Magazyn Seka","description":"Bezpiecze\u0144stwo i dobre praktyki w obszarze warunk\u00f3w pracy, kultura bezpiecze\u0144stwa, wellbeing","potentialAction":[{"@type":"SearchAction","target":{"@type":"EntryPoint","urlTemplate":"https:\/\/www.seka.pl\/magazyn\/?s={search_term_string}"},"query-input":"required name=search_term_string"}],"inLanguage":"pl-PL"},{"@type":"WebPage","@id":"https:\/\/www.seka.pl\/magazyn\/kontakt\/#webpage","url":"https:\/\/www.seka.pl\/magazyn\/kontakt\/","name":"Kontakt - Magazyn Seka","isPartOf":{"@id":"https:\/\/www.seka.pl\/magazyn\/#website"},"datePublished":"2022-06-02T11:39:47+00:00","dateModified":"2025-11-25T09:50:22+00:00","breadcrumb":{"@id":"https:\/\/www.seka.pl\/magazyn\/kontakt\/#breadcrumb"},"inLanguage":"pl-PL","potentialAction":[{"@type":"ReadAction","target":["https:\/\/www.seka.pl\/magazyn\/kontakt\/"]}]},{"@type":"BreadcrumbList","@id":"https:\/\/www.seka.pl\/magazyn\/kontakt\/#breadcrumb","itemListElement":[{"@type":"ListItem","position":1,"name":"Strona g\u0142\u00f3wna","item":"https:\/\/www.seka.pl\/magazyn\/"},{"@type":"ListItem","position":2,"name":"Kontakt"}]}]}},"uagb_featured_image_src":{"full":false,"thumbnail":false,"medium":false,"medium_large":false,"large":false,"1536x1536":false,"2048x2048":false,"belinni-big-slider":false,"belinni-full-post":false,"belinni-middle-size":false,"belinni-masonry-size":false,"belinni-post-grid":false,"belinni-latest-side":false},"uagb_author_info":{"display_name":"Maciej","author_link":"https:\/\/www.seka.pl\/magazyn\/author\/maciej\/"},"uagb_comment_info":0,"uagb_excerpt":"[vc_row][vc_column width=&#8221;1\/2&#8243;][vc_column_text] Magazyn SEKA [\/vc_column_text][vc_column_text]Wydawca: SEKA S.A. ul. Zabraniecka, 03-872 Warszawa tel.: +48 22 517 88 88 www.seka.pl, seka@seka.pl www.facebook.com\/SEKAszkolenia Wszelkie prawa zastrze\u017cone. SEKA S.A. Redaktor prowadz\u0105ca: Anna Witkiewicz, SEKA S.A. Realizacja: pcontent.pl[\/vc_column_text][\/vc_column][vc_column width=&#8221;1\/2&#8243;][vc_column_text] Napisz do nas! [\/vc_column_text][\/vc_column][\/vc_row]","_links":{"self":[{"href":"https:\/\/www.seka.pl\/magazyn\/wp-json\/wp\/v2\/pages\/74","targetHints":{"allow":["GET"]}}],"collection":[{"href":"https:\/\/www.seka.pl\/magazyn\/wp-json\/wp\/v2\/pages"}],"about":[{"href":"https:\/\/www.seka.pl\/magazyn\/wp-json\/wp\/v2\/types\/page"}],"author":[{"embeddable":true,"href":"https:\/\/www.seka.pl\/magazyn\/wp-json\/wp\/v2\/users\/3"}],"replies":[{"embeddable":true,"href":"https:\/\/www.seka.pl\/magazyn\/wp-json\/wp\/v2\/comments?post=74"}],"version-history":[{"count":10,"href":"https:\/\/www.seka.pl\/magazyn\/wp-json\/wp\/v2\/pages\/74\/revisions"}],"predecessor-version":[{"id":1464,"href":"https:\/\/www.seka.pl\/magazyn\/wp-json\/wp\/v2\/pages\/74\/revisions\/1464"}],"wp:attachment":[{"href":"https:\/\/www.seka.pl\/magazyn\/wp-json\/wp\/v2\/media?parent=74"}],"curies":[{"name":"wp","href":"https:\/\/api.w.org\/{rel}","templated":true}]}}