{"id":86,"date":"2022-06-02T16:30:39","date_gmt":"2022-06-02T14:30:39","guid":{"rendered":"https:\/\/seka.pl\/magazyn\/?page_id=86"},"modified":"2022-06-09T14:05:27","modified_gmt":"2022-06-09T12:05:27","slug":"kultura-bezpieczenstwa","status":"publish","type":"page","link":"https:\/\/www.seka.pl\/magazyn\/kultura-bezpieczenstwa\/","title":{"rendered":"Kultura bezpiecze\u0144stwa"},"content":{"rendered":"\n<p>Czynnik ludzki odgrywa kluczow\u0105 rol\u0119 w zestawieniu przyczyn wypadk\u00f3w przy pracy. Z tego powodu jedn\u0105 z najwa\u017cniejszych kwestii zwi\u0105zanych z minimalizacj\u0105 i przeciwdzia\u0142aniem szk\u00f3d jest umiej\u0119tno\u015b\u0107 dostrzegania potencjalnych zagro\u017ce\u0144 oraz podejmowania niezb\u0119dnych dzia\u0142a\u0144, aby w przysz\u0142o\u015bci nie powodowa\u0142y one wypadk\u00f3w.<\/p>\n\n\n\n<p>Nasze zachowanie jest poniek\u0105d uzale\u017cnione od kultury bezpiecze\u0144stwa w organizacji, jednak w praktyce to my sami kszta\u0142tujemy j\u0105 poprzez nasz\u0105 postaw\u0119, przekonania i podejmowane decyzje.<\/p>\n\n\n\n<p>Chcemy podnosi\u0107 spo\u0142eczn\u0105 \u015bwiadomo\u015b\u0107 i wiedz\u0119 z zakresu bezpiecze\u0144stwa pracy, jako\u015bci \u017cycia oraz promowanie kultury bezpiecze\u0144stwa w pracy i \u017cyciu pozazawodowym cz\u0142owieka.<\/p>\n\n\n\n<p><\/p>\n\n\n\n<h2 class=\"wp-block-heading\">#bezpiecze\u0144stwo #zdrowie #wellbeing<\/h2>\n","protected":false},"excerpt":{"rendered":"<p>Czynnik ludzki odgrywa kluczow\u0105 rol\u0119 w zestawieniu przyczyn wypadk\u00f3w przy pracy. Z tego powodu jedn\u0105 z najwa\u017cniejszych kwestii zwi\u0105zanych z minimalizacj\u0105 i przeciwdzia\u0142aniem szk\u00f3d jest umiej\u0119tno\u015b\u0107 dostrzegania potencjalnych zagro\u017ce\u0144 oraz podejmowania niezb\u0119dnych dzia\u0142a\u0144, aby w przysz\u0142o\u015bci nie powodowa\u0142y one wypadk\u00f3w. Nasze zachowanie jest poniek\u0105d uzale\u017cnione od kultury bezpiecze\u0144stwa w organizacji, jednak w praktyce to my sami kszta\u0142tujemy j\u0105 poprzez nasz\u0105 postaw\u0119, przekonania i podejmowane decyzje. Chcemy podnosi\u0107 spo\u0142eczn\u0105 \u015bwiadomo\u015b\u0107 i wiedz\u0119 z zakresu bezpiecze\u0144stwa pracy, jako\u015bci \u017cycia oraz promowanie kultury bezpiecze\u0144stwa w pracy i \u017cyciu pozazawodowym cz\u0142owieka. #bezpiecze\u0144stwo #zdrowie #wellbeing<\/p>\n","protected":false},"author":3,"featured_media":0,"parent":0,"menu_order":0,"comment_status":"closed","ping_status":"closed","template":"page-fullwidth.php","meta":{"footnotes":""},"class_list":["post-86","page","type-page","status-publish","hentry"],"yoast_head":"<!-- This site is optimized with the Yoast SEO plugin v19.2 - https:\/\/yoast.com\/wordpress\/plugins\/seo\/ -->\n<title>Kultura bezpiecze\u0144stwa - Magazyn Seka<\/title>\n<meta name=\"robots\" content=\"index, follow, max-snippet:-1, max-image-preview:large, max-video-preview:-1\" \/>\n<link rel=\"canonical\" href=\"https:\/\/www.seka.pl\/magazyn\/kultura-bezpieczenstwa\/\" \/>\n<meta property=\"og:locale\" content=\"pl_PL\" \/>\n<meta property=\"og:type\" content=\"article\" \/>\n<meta property=\"og:title\" content=\"Kultura bezpiecze\u0144stwa - Magazyn Seka\" \/>\n<meta property=\"og:description\" content=\"Czynnik ludzki odgrywa kluczow\u0105 rol\u0119 w zestawieniu przyczyn wypadk\u00f3w przy pracy. Z tego powodu jedn\u0105 z najwa\u017cniejszych kwestii zwi\u0105zanych z minimalizacj\u0105 i przeciwdzia\u0142aniem szk\u00f3d jest umiej\u0119tno\u015b\u0107 dostrzegania potencjalnych zagro\u017ce\u0144 oraz podejmowania niezb\u0119dnych dzia\u0142a\u0144, aby w przysz\u0142o\u015bci nie powodowa\u0142y one wypadk\u00f3w. Nasze zachowanie jest poniek\u0105d uzale\u017cnione od kultury bezpiecze\u0144stwa w organizacji, jednak w praktyce to my sami kszta\u0142tujemy j\u0105 poprzez nasz\u0105 postaw\u0119, przekonania i podejmowane decyzje. Chcemy podnosi\u0107 spo\u0142eczn\u0105 \u015bwiadomo\u015b\u0107 i wiedz\u0119 z zakresu bezpiecze\u0144stwa pracy, jako\u015bci \u017cycia oraz promowanie kultury bezpiecze\u0144stwa w pracy i \u017cyciu pozazawodowym cz\u0142owieka. #bezpiecze\u0144stwo #zdrowie #wellbeing\" \/>\n<meta property=\"og:url\" content=\"https:\/\/www.seka.pl\/magazyn\/kultura-bezpieczenstwa\/\" \/>\n<meta property=\"og:site_name\" content=\"Magazyn Seka\" \/>\n<meta property=\"article:modified_time\" content=\"2022-06-09T12:05:27+00:00\" \/>\n<meta name=\"author\" content=\"Maciej\" \/>\n<meta name=\"twitter:card\" content=\"summary_large_image\" \/>\n<meta name=\"twitter:label1\" content=\"Szacowany czas czytania\" \/>\n\t<meta name=\"twitter:data1\" content=\"1 minuta\" \/>\n<script type=\"application\/ld+json\" class=\"yoast-schema-graph\">{\"@context\":\"https:\/\/schema.org\",\"@graph\":[{\"@type\":\"WebSite\",\"@id\":\"https:\/\/www.seka.pl\/magazyn\/#website\",\"url\":\"https:\/\/www.seka.pl\/magazyn\/\",\"name\":\"Magazyn Seka\",\"description\":\"Bezpiecze\u0144stwo i dobre praktyki w obszarze warunk\u00f3w pracy, kultura bezpiecze\u0144stwa, wellbeing\",\"potentialAction\":[{\"@type\":\"SearchAction\",\"target\":{\"@type\":\"EntryPoint\",\"urlTemplate\":\"https:\/\/www.seka.pl\/magazyn\/?s={search_term_string}\"},\"query-input\":\"required name=search_term_string\"}],\"inLanguage\":\"pl-PL\"},{\"@type\":\"WebPage\",\"@id\":\"https:\/\/www.seka.pl\/magazyn\/kultura-bezpieczenstwa\/#webpage\",\"url\":\"https:\/\/www.seka.pl\/magazyn\/kultura-bezpieczenstwa\/\",\"name\":\"Kultura bezpiecze\u0144stwa - Magazyn Seka\",\"isPartOf\":{\"@id\":\"https:\/\/www.seka.pl\/magazyn\/#website\"},\"datePublished\":\"2022-06-02T14:30:39+00:00\",\"dateModified\":\"2022-06-09T12:05:27+00:00\",\"breadcrumb\":{\"@id\":\"https:\/\/www.seka.pl\/magazyn\/kultura-bezpieczenstwa\/#breadcrumb\"},\"inLanguage\":\"pl-PL\",\"potentialAction\":[{\"@type\":\"ReadAction\",\"target\":[\"https:\/\/www.seka.pl\/magazyn\/kultura-bezpieczenstwa\/\"]}]},{\"@type\":\"BreadcrumbList\",\"@id\":\"https:\/\/www.seka.pl\/magazyn\/kultura-bezpieczenstwa\/#breadcrumb\",\"itemListElement\":[{\"@type\":\"ListItem\",\"position\":1,\"name\":\"Strona g\u0142\u00f3wna\",\"item\":\"https:\/\/www.seka.pl\/magazyn\/\"},{\"@type\":\"ListItem\",\"position\":2,\"name\":\"Kultura bezpiecze\u0144stwa\"}]}]}<\/script>\n<!-- \/ Yoast SEO plugin. -->","yoast_head_json":{"title":"Kultura bezpiecze\u0144stwa - Magazyn Seka","robots":{"index":"index","follow":"follow","max-snippet":"max-snippet:-1","max-image-preview":"max-image-preview:large","max-video-preview":"max-video-preview:-1"},"canonical":"https:\/\/www.seka.pl\/magazyn\/kultura-bezpieczenstwa\/","og_locale":"pl_PL","og_type":"article","og_title":"Kultura bezpiecze\u0144stwa - Magazyn Seka","og_description":"Czynnik ludzki odgrywa kluczow\u0105 rol\u0119 w zestawieniu przyczyn wypadk\u00f3w przy pracy. Z tego powodu jedn\u0105 z najwa\u017cniejszych kwestii zwi\u0105zanych z minimalizacj\u0105 i przeciwdzia\u0142aniem szk\u00f3d jest umiej\u0119tno\u015b\u0107 dostrzegania potencjalnych zagro\u017ce\u0144 oraz podejmowania niezb\u0119dnych dzia\u0142a\u0144, aby w przysz\u0142o\u015bci nie powodowa\u0142y one wypadk\u00f3w. Nasze zachowanie jest poniek\u0105d uzale\u017cnione od kultury bezpiecze\u0144stwa w organizacji, jednak w praktyce to my sami kszta\u0142tujemy j\u0105 poprzez nasz\u0105 postaw\u0119, przekonania i podejmowane decyzje. Chcemy podnosi\u0107 spo\u0142eczn\u0105 \u015bwiadomo\u015b\u0107 i wiedz\u0119 z zakresu bezpiecze\u0144stwa pracy, jako\u015bci \u017cycia oraz promowanie kultury bezpiecze\u0144stwa w pracy i \u017cyciu pozazawodowym cz\u0142owieka. #bezpiecze\u0144stwo #zdrowie #wellbeing","og_url":"https:\/\/www.seka.pl\/magazyn\/kultura-bezpieczenstwa\/","og_site_name":"Magazyn Seka","article_modified_time":"2022-06-09T12:05:27+00:00","author":"Maciej","twitter_card":"summary_large_image","twitter_misc":{"Szacowany czas czytania":"1 minuta"},"schema":{"@context":"https:\/\/schema.org","@graph":[{"@type":"WebSite","@id":"https:\/\/www.seka.pl\/magazyn\/#website","url":"https:\/\/www.seka.pl\/magazyn\/","name":"Magazyn Seka","description":"Bezpiecze\u0144stwo i dobre praktyki w obszarze warunk\u00f3w pracy, kultura bezpiecze\u0144stwa, wellbeing","potentialAction":[{"@type":"SearchAction","target":{"@type":"EntryPoint","urlTemplate":"https:\/\/www.seka.pl\/magazyn\/?s={search_term_string}"},"query-input":"required name=search_term_string"}],"inLanguage":"pl-PL"},{"@type":"WebPage","@id":"https:\/\/www.seka.pl\/magazyn\/kultura-bezpieczenstwa\/#webpage","url":"https:\/\/www.seka.pl\/magazyn\/kultura-bezpieczenstwa\/","name":"Kultura bezpiecze\u0144stwa - Magazyn Seka","isPartOf":{"@id":"https:\/\/www.seka.pl\/magazyn\/#website"},"datePublished":"2022-06-02T14:30:39+00:00","dateModified":"2022-06-09T12:05:27+00:00","breadcrumb":{"@id":"https:\/\/www.seka.pl\/magazyn\/kultura-bezpieczenstwa\/#breadcrumb"},"inLanguage":"pl-PL","potentialAction":[{"@type":"ReadAction","target":["https:\/\/www.seka.pl\/magazyn\/kultura-bezpieczenstwa\/"]}]},{"@type":"BreadcrumbList","@id":"https:\/\/www.seka.pl\/magazyn\/kultura-bezpieczenstwa\/#breadcrumb","itemListElement":[{"@type":"ListItem","position":1,"name":"Strona g\u0142\u00f3wna","item":"https:\/\/www.seka.pl\/magazyn\/"},{"@type":"ListItem","position":2,"name":"Kultura bezpiecze\u0144stwa"}]}]}},"uagb_featured_image_src":{"full":false,"thumbnail":false,"medium":false,"medium_large":false,"large":false,"1536x1536":false,"2048x2048":false,"belinni-big-slider":false,"belinni-full-post":false,"belinni-middle-size":false,"belinni-masonry-size":false,"belinni-post-grid":false,"belinni-latest-side":false},"uagb_author_info":{"display_name":"Maciej","author_link":"https:\/\/www.seka.pl\/magazyn\/author\/maciej\/"},"uagb_comment_info":0,"uagb_excerpt":"Czynnik ludzki odgrywa kluczow\u0105 rol\u0119 w zestawieniu przyczyn wypadk\u00f3w przy pracy. Z tego powodu jedn\u0105 z najwa\u017cniejszych kwestii zwi\u0105zanych z minimalizacj\u0105 i przeciwdzia\u0142aniem szk\u00f3d jest umiej\u0119tno\u015b\u0107 dostrzegania potencjalnych zagro\u017ce\u0144 oraz podejmowania niezb\u0119dnych dzia\u0142a\u0144, aby w przysz\u0142o\u015bci nie powodowa\u0142y one wypadk\u00f3w. Nasze zachowanie jest poniek\u0105d uzale\u017cnione od kultury bezpiecze\u0144stwa w organizacji, jednak w praktyce to my&hellip;","_links":{"self":[{"href":"https:\/\/www.seka.pl\/magazyn\/wp-json\/wp\/v2\/pages\/86","targetHints":{"allow":["GET"]}}],"collection":[{"href":"https:\/\/www.seka.pl\/magazyn\/wp-json\/wp\/v2\/pages"}],"about":[{"href":"https:\/\/www.seka.pl\/magazyn\/wp-json\/wp\/v2\/types\/page"}],"author":[{"embeddable":true,"href":"https:\/\/www.seka.pl\/magazyn\/wp-json\/wp\/v2\/users\/3"}],"replies":[{"embeddable":true,"href":"https:\/\/www.seka.pl\/magazyn\/wp-json\/wp\/v2\/comments?post=86"}],"version-history":[{"count":7,"href":"https:\/\/www.seka.pl\/magazyn\/wp-json\/wp\/v2\/pages\/86\/revisions"}],"predecessor-version":[{"id":1038,"href":"https:\/\/www.seka.pl\/magazyn\/wp-json\/wp\/v2\/pages\/86\/revisions\/1038"}],"wp:attachment":[{"href":"https:\/\/www.seka.pl\/magazyn\/wp-json\/wp\/v2\/media?parent=86"}],"curies":[{"name":"wp","href":"https:\/\/api.w.org\/{rel}","templated":true}]}}